{"id":10,"date":"2022-06-13T13:12:33","date_gmt":"2022-06-13T11:12:33","guid":{"rendered":"https:\/\/maxvega.pl\/?page_id=10"},"modified":"2023-12-13T17:52:11","modified_gmt":"2023-12-13T16:52:11","slug":"informacje","status":"publish","type":"page","link":"https:\/\/maxvega.pl\/?page_id=10","title":{"rendered":"O nas"},"content":{"rendered":"\n<p><\/p>\n\n\n\n<p class=\"has-text-align-left has-medium-font-size\" style=\"font-style:normal;font-weight:400\">   Firma Maxvega jako firma rodzinna zajmuje si\u0119 sprzeda\u017c\u0105 \u015bwie\u017cych owoc\u00f3w i warzyw. Na tym rynku dzia\u0142amy od ponad 25 lat, wcze\u015bniej jako jednoosobowa dzia\u0142alno\u015b\u0107 oraz w formie sp\u00f3\u0142ki cywilnej.<\/p>\n\n\n\n<p class=\"has-text-align-left has-medium-font-size\" style=\"font-style:normal;font-weight:400\">Specjalizujemy si\u0119 w sprzeda\u017cy hurtowej, dostarczamy towar do sieci Stokrotka Sp. z o.o. blisko 24 lata, Carrefour od 3 lat. Wsp\u00f3\u0142pracowali\u015bmy te\u017c z sieci\u0105 e&#8217;Leclerc ok. 5 lat. Wsp\u00f3lne przedsi\u0119wzi\u0119cia z du\u017cymi odbiorcami da\u0142y nam do\u015bwiadczenie oraz umiej\u0119tno\u015b\u0107 dostosowania si\u0119 do potrzeb i wymog\u00f3w niemal ka\u017cdego kontrahenta.<\/p>\n\n\n\n<p class=\"has-text-align-left has-medium-font-size\" style=\"font-style:normal;font-weight:400\">Firma mo\u017ce pochwali\u0107 si\u0119 w\u0142asnym zapleczem magazynowym o powierzchni 6ty\u015b. m<sup>2<\/sup> w tym ponad 2 ty\u015b. m<sup>2<\/sup> ch\u0142odni. Daje to mo\u017cliwo\u015b\u0107 zmagazynowania jak r\u00f3wnie\u017c przygotowania zwi\u0119kszonych ilo\u015bci towaru. Linie do pakowania ,,flow pack&#8221; z g\u00f3rnym i dolnym zgrzewem umo\u017cliwiaj\u0105 pakowanie w\u0142oszczyzny, marchwi czy te\u017c kapusty peki\u0144skiej lub pora jak r\u00f3wnie\u017c innych produkt\u00f3w jako opakowanie jednostkowe. Linia do sortowania i pakowania cebuli i ziemniak\u00f3w umo\u017cliwia dostosowanie kalibru oraz wielko\u015bci opakowania dla danego odbiorcy. W\u0142asny transport daje wi\u0119ksz\u0105 elastyczno\u015b\u0107 logistyczn\u0105.<\/p>\n\n\n\n<p class=\"has-text-align-left has-medium-font-size\" style=\"font-style:normal;font-weight:400\">Jeste\u015bmy w\u0142a\u015bcicielami gospodarstwa rolnego 45ha, kt\u00f3re zajmuje si\u0119 produkcj\u0105 warzyw: kukurydzy cukrowej, kapusty bia\u0142ej, w\u0142oskiej, peki\u0144skiej oraz dyni ozdobnej i jadalnej.<\/p>\n\n\n\n<p class=\"has-text-align-left has-medium-font-size\" style=\"font-style:normal;font-weight:400\">Zrzeszamy r\u00f3wnie\u017c grup\u0119 rolnik\u00f3w zajmuj\u0105cych si\u0119 produkcj\u0105 warzyw i owoc\u00f3w pod nasze potrzeby. Dzi\u0119ki tej wsp\u00f3\u0142pracy jeste\u015bmy w stanie zapewni\u0107 przez ca\u0142y rok ci\u0105g\u0142o\u015b\u0107 produkt\u00f3w najwy\u017cszej jako\u015bci oraz zr\u00f3\u017cnicowanego pod wzgl\u0119dem asortymentu. Dok\u0142adamy wszelkich stara\u0144 aby wsp\u00f3\u0142praca z naszymi producentami by\u0142a oparta na zasadach wzajemnego poszanowania i zrozumienia, jak r\u00f3wnie\u017c wspierania w jak najwi\u0119kszym stopniu produkcji krajowej.<\/p>\n\n\n\n<p class=\"has-text-align-left has-medium-font-size\">Zach\u0119camy do skorzystania z naszej oferty.<\/p>\n","protected":false},"excerpt":{"rendered":"<p>Firma Maxvega jako firma rodzinna zajmuje si\u0119 sprzeda\u017c\u0105 \u015bwie\u017cych owoc\u00f3w i warzyw. Na tym rynku dzia\u0142amy od ponad 25 lat, wcze\u015bniej jako jednoosobowa dzia\u0142alno\u015b\u0107 oraz w formie sp\u00f3\u0142ki cywilnej. Specjalizujemy si\u0119 w sprzeda\u017cy hurtowej, dostarczamy towar do sieci Stokrotka Sp. z o.o. blisko 24 lata, Carrefour od 3 lat. Wsp\u00f3\u0142pracowali\u015bmy te\u017c z sieci\u0105 e&#8217;Leclerc ok. &hellip; <\/p>\n<p class=\"link-more\"><a href=\"https:\/\/maxvega.pl\/?page_id=10\" class=\"more-link\">Czytaj dalej<span class=\"screen-reader-text\"> \u201eO nas\u201d<\/span><\/a><\/p>\n","protected":false},"author":1,"featured_media":90,"parent":0,"menu_order":0,"comment_status":"closed","ping_status":"closed","template":"","meta":{"footnotes":""},"class_list":["post-10","page","type-page","status-publish","has-post-thumbnail","hentry"],"_links":{"self":[{"href":"https:\/\/maxvega.pl\/index.php?rest_route=\/wp\/v2\/pages\/10","targetHints":{"allow":["GET"]}}],"collection":[{"href":"https:\/\/maxvega.pl\/index.php?rest_route=\/wp\/v2\/pages"}],"about":[{"href":"https:\/\/maxvega.pl\/index.php?rest_route=\/wp\/v2\/types\/page"}],"author":[{"embeddable":true,"href":"https:\/\/maxvega.pl\/index.php?rest_route=\/wp\/v2\/users\/1"}],"replies":[{"embeddable":true,"href":"https:\/\/maxvega.pl\/index.php?rest_route=%2Fwp%2Fv2%2Fcomments&post=10"}],"version-history":[{"count":15,"href":"https:\/\/maxvega.pl\/index.php?rest_route=\/wp\/v2\/pages\/10\/revisions"}],"predecessor-version":[{"id":80,"href":"https:\/\/maxvega.pl\/index.php?rest_route=\/wp\/v2\/pages\/10\/revisions\/80"}],"wp:featuredmedia":[{"embeddable":true,"href":"https:\/\/maxvega.pl\/index.php?rest_route=\/wp\/v2\/media\/90"}],"wp:attachment":[{"href":"https:\/\/maxvega.pl\/index.php?rest_route=%2Fwp%2Fv2%2Fmedia&parent=10"}],"curies":[{"name":"wp","href":"https:\/\/api.w.org\/{rel}","templated":true}]}}