{"id":11,"date":"2022-06-13T13:12:33","date_gmt":"2022-06-13T11:12:33","guid":{"rendered":"https:\/\/maxvega.pl\/?page_id=11"},"modified":"2023-12-13T16:35:57","modified_gmt":"2023-12-13T15:35:57","slug":"kontakt","status":"publish","type":"page","link":"https:\/\/maxvega.pl\/?page_id=11","title":{"rendered":"Kontakt"},"content":{"rendered":"\n<p>Zach\u0119camy do kontaktu z nasz\u0105 firm\u0105. Zawsze pomo\u017cemy przy doborze zamawianych produkt\u00f3w. Zawsze \u015bwie\u017cy towar dostarczymy pod wskazany adres niezw\u0142ocznie po z\u0142o\u017ceniu zam\u00f3wienia poprzez e-mail czy SMS lub telefonicznie.<\/p>\n\n\n\n<p><\/p>\n","protected":false},"excerpt":{"rendered":"<p>Zach\u0119camy do kontaktu z nasz\u0105 firm\u0105. Zawsze pomo\u017cemy przy doborze zamawianych produkt\u00f3w. Zawsze \u015bwie\u017cy towar dostarczymy pod wskazany adres niezw\u0142ocznie po z\u0142o\u017ceniu zam\u00f3wienia poprzez e-mail czy SMS lub telefonicznie.<\/p>\n","protected":false},"author":1,"featured_media":16,"parent":0,"menu_order":0,"comment_status":"closed","ping_status":"closed","template":"","meta":{"footnotes":""},"class_list":["post-11","page","type-page","status-publish","has-post-thumbnail","hentry"],"_links":{"self":[{"href":"https:\/\/maxvega.pl\/index.php?rest_route=\/wp\/v2\/pages\/11","targetHints":{"allow":["GET"]}}],"collection":[{"href":"https:\/\/maxvega.pl\/index.php?rest_route=\/wp\/v2\/pages"}],"about":[{"href":"https:\/\/maxvega.pl\/index.php?rest_route=\/wp\/v2\/types\/page"}],"author":[{"embeddable":true,"href":"https:\/\/maxvega.pl\/index.php?rest_route=\/wp\/v2\/users\/1"}],"replies":[{"embeddable":true,"href":"https:\/\/maxvega.pl\/index.php?rest_route=%2Fwp%2Fv2%2Fcomments&post=11"}],"version-history":[{"count":4,"href":"https:\/\/maxvega.pl\/index.php?rest_route=\/wp\/v2\/pages\/11\/revisions"}],"predecessor-version":[{"id":94,"href":"https:\/\/maxvega.pl\/index.php?rest_route=\/wp\/v2\/pages\/11\/revisions\/94"}],"wp:featuredmedia":[{"embeddable":true,"href":"https:\/\/maxvega.pl\/index.php?rest_route=\/wp\/v2\/media\/16"}],"wp:attachment":[{"href":"https:\/\/maxvega.pl\/index.php?rest_route=%2Fwp%2Fv2%2Fmedia&parent=11"}],"curies":[{"name":"wp","href":"https:\/\/api.w.org\/{rel}","templated":true}]}}