{"id":9,"date":"2022-06-13T13:12:33","date_gmt":"2022-06-13T11:12:33","guid":{"rendered":"https:\/\/maxvega.pl\/?page_id=9"},"modified":"2023-12-13T18:23:52","modified_gmt":"2023-12-13T17:23:52","slug":"strona-glowna","status":"publish","type":"page","link":"https:\/\/maxvega.pl\/","title":{"rendered":"MAXVEGA wita w serwisie internetowym"},"content":{"rendered":"\n<p class=\"has-medium-font-size\">Zach\u0119camy do zapoznania si\u0119 z nasz\u0105 ofert\u0105.<\/p>\n\n\n\n<figure class=\"wp-block-image size-full\"><img loading=\"lazy\" decoding=\"async\" width=\"498\" height=\"250\" src=\"https:\/\/maxvega.pl\/wp-content\/uploads\/2023\/12\/cropped-maxvega_logo.jpg\" alt=\"maxvega\" class=\"wp-image-83\" srcset=\"https:\/\/maxvega.pl\/wp-content\/uploads\/2023\/12\/cropped-maxvega_logo.jpg 498w, https:\/\/maxvega.pl\/wp-content\/uploads\/2023\/12\/cropped-maxvega_logo-300x151.jpg 300w\" sizes=\"auto, (max-width: 498px) 100vw, 498px\" \/><figcaption class=\"wp-element-caption\">maxvega<\/figcaption><\/figure>\n","protected":false},"excerpt":{"rendered":"<p>Zach\u0119camy do zapoznania si\u0119 z nasz\u0105 ofert\u0105.<\/p>\n","protected":false},"author":1,"featured_media":0,"parent":0,"menu_order":0,"comment_status":"closed","ping_status":"closed","template":"","meta":{"footnotes":""},"class_list":["post-9","page","type-page","status-publish","hentry"],"_links":{"self":[{"href":"https:\/\/maxvega.pl\/index.php?rest_route=\/wp\/v2\/pages\/9","targetHints":{"allow":["GET"]}}],"collection":[{"href":"https:\/\/maxvega.pl\/index.php?rest_route=\/wp\/v2\/pages"}],"about":[{"href":"https:\/\/maxvega.pl\/index.php?rest_route=\/wp\/v2\/types\/page"}],"author":[{"embeddable":true,"href":"https:\/\/maxvega.pl\/index.php?rest_route=\/wp\/v2\/users\/1"}],"replies":[{"embeddable":true,"href":"https:\/\/maxvega.pl\/index.php?rest_route=%2Fwp%2Fv2%2Fcomments&post=9"}],"version-history":[{"count":4,"href":"https:\/\/maxvega.pl\/index.php?rest_route=\/wp\/v2\/pages\/9\/revisions"}],"predecessor-version":[{"id":114,"href":"https:\/\/maxvega.pl\/index.php?rest_route=\/wp\/v2\/pages\/9\/revisions\/114"}],"wp:attachment":[{"href":"https:\/\/maxvega.pl\/index.php?rest_route=%2Fwp%2Fv2%2Fmedia&parent=9"}],"curies":[{"name":"wp","href":"https:\/\/api.w.org\/{rel}","templated":true}]}}